{"id":2,"date":"2021-04-24T14:44:52","date_gmt":"2021-04-24T12:44:52","guid":{"rendered":"http:\/\/t-pas-net.com\/librCritN\/?page_id=2"},"modified":"2026-03-29T10:07:39","modified_gmt":"2026-03-29T08:07:39","slug":"page-d-exemple","status":"publish","type":"page","link":"https:\/\/t-pas-net.com\/librCritN\/page-d-exemple\/","title":{"rendered":"SERVICE-PRESSE"},"content":{"rendered":"\r\n<p style=\"text-align: justify;\">Pour nous envoyer un <strong>Service-Presse<\/strong> : merci de nous contacter afin de nous pr\u00e9venir de l\u2019envoi, du fait des courriers qui peu \u00e0 peu s\u2019\u00e9garent en France, mais aussi de savoir si a priori nous sommes int\u00e9ress\u00e9s par les publications propos\u00e9es. Adresser les envois \u00e0 cette adresse : <strong>LIBR-CRITIQUE, \u00a040, rue du 1er Mai 59113 Seclin.<\/strong><\/p>\r\n\r\n\r\n\r\n<p style=\"text-align: justify;\"><img loading=\"lazy\" decoding=\"async\" class=\"alignleft size-full wp-image-6979\" src=\"https:\/\/t-pas-net.com\/librCritN\/wp-content\/uploads\/2026\/03\/Mini-PortraitFThumerel_Lanskine_PF.jpg\" alt=\"\" width=\"220\" height=\"254\" srcset=\"https:\/\/t-pas-net.com\/librCritN\/wp-content\/uploads\/2026\/03\/Mini-PortraitFThumerel_Lanskine_PF.jpg 220w, https:\/\/t-pas-net.com\/librCritN\/wp-content\/uploads\/2026\/03\/Mini-PortraitFThumerel_Lanskine_PF-130x150.jpg 130w\" sizes=\"auto, (max-width: 220px) 100vw, 220px\" \/><\/p>\r\n\r\n\r\n\r\n<p style=\"text-align: justify;\"><strong><em>LIBR-CRITIQUE<\/em><\/strong> n&rsquo;est pas un organe de promotion qui se r\u00e9duit \u00e0 une collection de chroniques plus ou moins complaisantes : c&rsquo;est un lieu de r\u00e9flexion et de cr\u00e9ation totalement impliqu\u00e9 dans notre monde social, ouvert sans \u00eatre ir\u00e9nique ni \u00e9clectique. Vous pouvez devenir r\u00e9dacteur de<strong><em> Libr-critique<\/em><\/strong>, occasionnel puis r\u00e9gulier, \u00e0 condition d&rsquo;envoyer vos propositions (cr\u00e9ations, chroniques, dossiers, enqu\u00eates ou informations) au responsable, Fabrice Thumerel, et de proposer des contributions qui correspondent aux lignes de force du site.\u00a0<\/p>\r\n\r\n\r\n\r\n\r\n\r\n<p style=\"text-align: justify;\"><img decoding=\"async\" class=\"alignright\" style=\"width: 102px;\" src=\"https:\/\/s.w.org\/images\/core\/emoji\/11\/svg\/1f642.svg\" alt=\"\ud83d\ude42\" height=\"102\" \/>Les r\u00e9dacteurs pourront demander un service-presse au nom de <em><strong>Libr-critique<\/strong><\/em>, sachant que tout service de presse demand\u00e9 exige une chronique traitant du livre, le d\u00e9fendant ou le mettant en critique. Toute critique devant bien \u00e9videmment \u00eatre appuy\u00e9e.<\/p>\r\n\r\n\r\n\r\n<p>Pour toute question et correspondance, contacter Fabrice Thumerel : libr.critik@yahoo.fr<\/p>\r\n<p style=\"text-align: justify;\"><strong><em>Libr-critique.com<\/em> est un site fond\u00e9 en 2004 par Philippe BOISNARD et Fabrice THUMEREL ; il fait d\u00e9sormais partie des plus anciens sites litt\u00e9raires du web francophone. Sa sp\u00e9cificit\u00e9 r\u00e9side dans les exigeantes pratiques critiques au pr\u00e9sent, qu&rsquo;elles ressortissent \u00e0 la litt\u00e9rature ou aux sciences humaines, \u00e0 la prose ou la po\u00e9sie (textuelle, (audio)visuelle, sonore, plastique ou autre). Il est h\u00e9berg\u00e9 chez OVH, premier h\u00e9bergeur de sites europ\u00e9en.<\/strong><\/p>\r\n<p>Son ic\u00f4ne a \u00e9t\u00e9 cr\u00e9\u00e9e par la po\u00e8te et artiste Tristan FELIX.<\/p>\r\n<p style=\"text-align: center;\"><img loading=\"lazy\" decoding=\"async\" class=\"aligncenter size-full wp-image-6973\" src=\"https:\/\/t-pas-net.com\/librCritN\/wp-content\/uploads\/2026\/03\/cropped-je-ferai-de-tout-Mon-impossible-nett-1.jpg\" alt=\"\" width=\"512\" height=\"512\" srcset=\"https:\/\/t-pas-net.com\/librCritN\/wp-content\/uploads\/2026\/03\/cropped-je-ferai-de-tout-Mon-impossible-nett-1.jpg 512w, https:\/\/t-pas-net.com\/librCritN\/wp-content\/uploads\/2026\/03\/cropped-je-ferai-de-tout-Mon-impossible-nett-1-300x300.jpg 300w, https:\/\/t-pas-net.com\/librCritN\/wp-content\/uploads\/2026\/03\/cropped-je-ferai-de-tout-Mon-impossible-nett-1-150x150.jpg 150w, https:\/\/t-pas-net.com\/librCritN\/wp-content\/uploads\/2026\/03\/cropped-je-ferai-de-tout-Mon-impossible-nett-1-144x144.jpg 144w\" sizes=\"auto, (max-width: 512px) 100vw, 512px\" \/><\/p>\r\n\n<div class=\"wpcf7 no-js\" id=\"wpcf7-f319-o1\" lang=\"fr-FR\" dir=\"ltr\" data-wpcf7-id=\"319\">\n<div class=\"screen-reader-response\"><p role=\"status\" aria-live=\"polite\" aria-atomic=\"true\"><\/p> <ul><\/ul><\/div>\n<form action=\"\/librCritN\/wp-json\/wp\/v2\/pages\/2#wpcf7-f319-o1\" method=\"post\" class=\"wpcf7-form init\" aria-label=\"Formulaire de contact\" novalidate=\"novalidate\" data-status=\"init\">\n<fieldset class=\"hidden-fields-container\"><input type=\"hidden\" name=\"_wpcf7\" value=\"319\" \/><input type=\"hidden\" name=\"_wpcf7_version\" value=\"6.1.5\" \/><input type=\"hidden\" name=\"_wpcf7_locale\" value=\"fr_FR\" \/><input type=\"hidden\" name=\"_wpcf7_unit_tag\" value=\"wpcf7-f319-o1\" \/><input type=\"hidden\" name=\"_wpcf7_container_post\" value=\"0\" \/><input type=\"hidden\" name=\"_wpcf7_posted_data_hash\" value=\"\" \/>\n<\/fieldset>\n<p><label> Votre nom<br \/>\n<span class=\"wpcf7-form-control-wrap\" data-name=\"your-name\"><input size=\"40\" maxlength=\"400\" class=\"wpcf7-form-control wpcf7-text wpcf7-validates-as-required\" aria-required=\"true\" aria-invalid=\"false\" value=\"\" type=\"text\" name=\"your-name\" \/><\/span> <\/label>\n<\/p>\n<p><label> Votre e-mail<br \/>\n<span class=\"wpcf7-form-control-wrap\" data-name=\"your-email\"><input size=\"40\" maxlength=\"400\" class=\"wpcf7-form-control wpcf7-email wpcf7-validates-as-required wpcf7-text wpcf7-validates-as-email\" aria-required=\"true\" aria-invalid=\"false\" value=\"\" type=\"email\" name=\"your-email\" \/><\/span> <\/label>\n<\/p>\n<p><label> Objet<br \/>\n<span class=\"wpcf7-form-control-wrap\" data-name=\"your-subject\"><input size=\"40\" maxlength=\"400\" class=\"wpcf7-form-control wpcf7-text wpcf7-validates-as-required\" aria-required=\"true\" aria-invalid=\"false\" value=\"\" type=\"text\" name=\"your-subject\" \/><\/span> <\/label>\n<\/p>\n<p><label> Votre message (facultatif)<br \/>\n<span class=\"wpcf7-form-control-wrap\" data-name=\"your-message\"><textarea cols=\"40\" rows=\"10\" maxlength=\"2000\" class=\"wpcf7-form-control wpcf7-textarea\" aria-invalid=\"false\" name=\"your-message\"><\/textarea><\/span> <\/label>\n<\/p>\n<p><input class=\"wpcf7-form-control wpcf7-submit has-spinner\" type=\"submit\" value=\"Envoyer\" \/>\n<\/p><p style=\"display: none !important;\" class=\"akismet-fields-container\" data-prefix=\"_wpcf7_ak_\"><label>&#916;<textarea name=\"_wpcf7_ak_hp_textarea\" cols=\"45\" rows=\"8\" maxlength=\"100\"><\/textarea><\/label><input type=\"hidden\" id=\"ak_js_1\" name=\"_wpcf7_ak_js\" value=\"188\"\/><script type=\"text\/javascript\">\n\/* <![CDATA[ *\/\ndocument.getElementById( \"ak_js_1\" ).setAttribute( \"value\", ( new Date() ).getTime() );\n\/* ]]> *\/\n<\/script>\n<\/p><div class=\"wpcf7-response-output\" aria-hidden=\"true\"><\/div>\n<\/form>\n<\/div>\n\r\n","protected":false},"excerpt":{"rendered":"<p>Pour nous envoyer un Service-Presse : merci de nous contacter afin de nous pr\u00e9venir de l\u2019envoi, du fait des courriers qui peu \u00e0 peu s\u2019\u00e9garent en France, mais aussi de savoir si a priori nous sommes int\u00e9ress\u00e9s par les publications propos\u00e9es. Adresser les envois \u00e0 cette adresse : LIBR-CRITIQUE, \u00a040, rue du 1er Mai 59113 Seclin. LIBR-CRITIQUE n&rsquo;est pas un organe de promotion qui se r\u00e9duit \u00e0 une collection de chroniques plus ou moins complaisantes : c&rsquo;est un lieu de r\u00e9flexion et de cr\u00e9ation totalement impliqu\u00e9 dans notre monde social, ouvert sans \u00eatre ir\u00e9nique ni \u00e9clectique. Vous pouvez devenir r\u00e9dacteur de Libr-critique, occasionnel puis r\u00e9gulier, \u00e0 condition d&rsquo;envoyer vos propositions (cr\u00e9ations, chroniques, dossiers, enqu\u00eates ou informations) au responsable, Fabrice Thumerel, et de proposer des contributions qui correspondent aux lignes de force du site.\u00a0 Les r\u00e9dacteurs pourront demander un service-presse au nom de Libr-critique, sachant que tout service de presse demand\u00e9 exige une chronique traitant du livre, le d\u00e9fendant ou le mettant en critique. Toute critique devant bien \u00e9videmment \u00eatre appuy\u00e9e. Pour toute question et correspondance, contacter Fabrice Thumerel : libr.critik@yahoo.fr Libr-critique.com est un site fond\u00e9 en 2004 par Philippe BOISNARD et Fabrice THUMEREL ; il fait d\u00e9sormais partie des plus anciens sites litt\u00e9raires du web francophone. Sa sp\u00e9cificit\u00e9 r\u00e9side dans les exigeantes pratiques critiques au pr\u00e9sent, qu&rsquo;elles ressortissent \u00e0 la litt\u00e9rature ou aux sciences humaines, \u00e0 la prose ou la po\u00e9sie (textuelle, (audio)visuelle, sonore, plastique ou autre). Il est h\u00e9berg\u00e9 chez OVH, premier h\u00e9bergeur de sites europ\u00e9en. Son ic\u00f4ne a \u00e9t\u00e9 cr\u00e9\u00e9e par la po\u00e8te et artiste Tristan FELIX.<\/p>\n","protected":false},"author":1,"featured_media":0,"parent":0,"menu_order":0,"comment_status":"closed","ping_status":"open","template":"","meta":{"footnotes":""},"class_list":["post-2","page","type-page","status-publish","hentry"],"post_mailing_queue_ids":[],"_links":{"self":[{"href":"https:\/\/t-pas-net.com\/librCritN\/wp-json\/wp\/v2\/pages\/2","targetHints":{"allow":["GET"]}}],"collection":[{"href":"https:\/\/t-pas-net.com\/librCritN\/wp-json\/wp\/v2\/pages"}],"about":[{"href":"https:\/\/t-pas-net.com\/librCritN\/wp-json\/wp\/v2\/types\/page"}],"author":[{"embeddable":true,"href":"https:\/\/t-pas-net.com\/librCritN\/wp-json\/wp\/v2\/users\/1"}],"replies":[{"embeddable":true,"href":"https:\/\/t-pas-net.com\/librCritN\/wp-json\/wp\/v2\/comments?post=2"}],"version-history":[{"count":8,"href":"https:\/\/t-pas-net.com\/librCritN\/wp-json\/wp\/v2\/pages\/2\/revisions"}],"predecessor-version":[{"id":6981,"href":"https:\/\/t-pas-net.com\/librCritN\/wp-json\/wp\/v2\/pages\/2\/revisions\/6981"}],"wp:attachment":[{"href":"https:\/\/t-pas-net.com\/librCritN\/wp-json\/wp\/v2\/media?parent=2"}],"curies":[{"name":"wp","href":"https:\/\/api.w.org\/{rel}","templated":true}]}}